{"id":33,"date":"2013-06-26T15:29:20","date_gmt":"2013-06-26T13:29:20","guid":{"rendered":"https:\/\/bayerisches-jazzweekend.de\/preview\/?page_id=33"},"modified":"2019-07-04T13:23:54","modified_gmt":"2019-07-04T11:23:54","slug":"sponsoren-partner","status":"publish","type":"page","link":"https:\/\/bayerisches-jazzweekend.de\/prod\/sponsoren-partner\/","title":{"rendered":"Sponsoren &#038; Partner"},"content":{"rendered":"<p>Die <strong>Stadt Regensburg<\/strong> als Veranstalter und das <strong>Bayerische Jazzinstitut<\/strong> als Intendanz danken den Sponsoren und Partnern des Bayerischen Jazzweekends:<br \/>\n<img loading=\"lazy\" class=\"alignnone size-full wp-image-3556\" src=\"https:\/\/bayerisches-jazzweekend.de\/preview\/wp-content\/uploads\/2013\/06\/km_logo_10-2013_63cm_300dpi_600x150.jpg\" alt=\"\" width=\"600\" height=\"150\" srcset=\"https:\/\/bayerisches-jazzweekend.de\/prod\/wp-content\/uploads\/2013\/06\/km_logo_10-2013_63cm_300dpi_600x150.jpg 600w, https:\/\/bayerisches-jazzweekend.de\/prod\/wp-content\/uploads\/2013\/06\/km_logo_10-2013_63cm_300dpi_600x150-300x75.jpg 300w, https:\/\/bayerisches-jazzweekend.de\/prod\/wp-content\/uploads\/2013\/06\/km_logo_10-2013_63cm_300dpi_600x150-236x59.jpg 236w\" sizes=\"(max-width: 600px) 100vw, 600px\" \/><img loading=\"lazy\" class=\"size-full wp-image-3575 alignleft\" src=\"https:\/\/bayerisches-jazzweekend.de\/preview\/wp-content\/uploads\/2013\/06\/SM_LudwigSpaenle_2017.jpg\" alt=\"\" width=\"200\" height=\"300\" srcset=\"https:\/\/bayerisches-jazzweekend.de\/prod\/wp-content\/uploads\/2013\/06\/SM_LudwigSpaenle_2017.jpg 200w, https:\/\/bayerisches-jazzweekend.de\/prod\/wp-content\/uploads\/2013\/06\/SM_LudwigSpaenle_2017-120x180.jpg 120w\" sizes=\"(max-width: 200px) 100vw, 200px\" \/><\/p>\n<p><em>Das Bayerische Jazzweekend ist eine Plattform, die musikalische Qualit\u00e4t mit Lebensfreude verbindet. Der Grenzgang zwischen Improvisation und Komposition schenkt den Musikern im Jazz eine gro\u00dfe pers\u00f6nliche Freiheit. Gleichzeitig wird aber auch von ihnen verlangt, auf der B\u00fchne eine Gemeinschaft zu bilden, die ihr Publikum im Zusammenklang \u00fcberzeugt. Eine die Musik transzendierende Erkenntnis aus der hohen Akzeptanz des Festes: Querdenker mit Traditionsbewusstsein sind in Bayern zukunftsweisend und begeistern f\u00fcr Neues. Dem sicherlich wieder sehr zahlreichen Publikum des Jazzweekends w\u00fcnsche ich in beschwingter Atmosph\u00e4re gro\u00dfartig mitrei\u00dfende Musikerlebnisse.<\/em><\/p>\n<p>&#8212; Dr. Ludwig Spaenle, Bayerischer Staatsminister f\u00fcr Bildung und Kultus, Wissenschaft und Kunst (bis 03\/2018), im Juli 2017<\/p>\n<hr style=\"clear: both;\" \/>\n<p><img loading=\"lazy\" class=\"aligncenter wp-image-3546 size-medium\" src=\"https:\/\/bayerisches-jazzweekend.de\/preview\/wp-content\/uploads\/2017\/07\/Bezirk-Oberpfalz_logo_farbig_450x150-300x100.jpg\" alt=\"\" width=\"300\" height=\"100\" srcset=\"https:\/\/bayerisches-jazzweekend.de\/prod\/wp-content\/uploads\/2017\/07\/Bezirk-Oberpfalz_logo_farbig_450x150-300x100.jpg 300w, https:\/\/bayerisches-jazzweekend.de\/prod\/wp-content\/uploads\/2017\/07\/Bezirk-Oberpfalz_logo_farbig_450x150-236x79.jpg 236w, https:\/\/bayerisches-jazzweekend.de\/prod\/wp-content\/uploads\/2017\/07\/Bezirk-Oberpfalz_logo_farbig_450x150.jpg 450w\" sizes=\"(max-width: 300px) 100vw, 300px\" \/><br \/>\n<img loading=\"lazy\" class=\"aligncenter wp-image-3545 size-medium\" src=\"https:\/\/bayerisches-jazzweekend.de\/preview\/wp-content\/uploads\/2017\/07\/Bezirk_Oberbayern_Logo_450x150-300x100.jpg\" alt=\"\" width=\"300\" height=\"100\" srcset=\"https:\/\/bayerisches-jazzweekend.de\/prod\/wp-content\/uploads\/2017\/07\/Bezirk_Oberbayern_Logo_450x150-300x100.jpg 300w, https:\/\/bayerisches-jazzweekend.de\/prod\/wp-content\/uploads\/2017\/07\/Bezirk_Oberbayern_Logo_450x150-236x79.jpg 236w, https:\/\/bayerisches-jazzweekend.de\/prod\/wp-content\/uploads\/2017\/07\/Bezirk_Oberbayern_Logo_450x150.jpg 450w\" sizes=\"(max-width: 300px) 100vw, 300px\" \/><\/p>\n<hr style=\"clear: both;\" \/>\n<p><img loading=\"lazy\" class=\"alignnone wp-image-3544 size-medium\" src=\"https:\/\/bayerisches-jazzweekend.de\/preview\/wp-content\/uploads\/2017\/07\/Gewerbepark-Regensburg_Logo_450x150-300x100.jpg\" alt=\"\" width=\"300\" height=\"100\" srcset=\"https:\/\/bayerisches-jazzweekend.de\/prod\/wp-content\/uploads\/2017\/07\/Gewerbepark-Regensburg_Logo_450x150-300x100.jpg 300w, https:\/\/bayerisches-jazzweekend.de\/prod\/wp-content\/uploads\/2017\/07\/Gewerbepark-Regensburg_Logo_450x150-236x79.jpg 236w, https:\/\/bayerisches-jazzweekend.de\/prod\/wp-content\/uploads\/2017\/07\/Gewerbepark-Regensburg_Logo_450x150.jpg 450w\" sizes=\"(max-width: 300px) 100vw, 300px\" \/><\/p>\n<p><img loading=\"lazy\" class=\"size-full wp-image-3497 alignleft\" src=\"https:\/\/bayerisches-jazzweekend.de\/preview\/wp-content\/uploads\/2017\/07\/Gewerbepark-Regensburg_Roland-Seehofer_200x300.jpg\" alt=\"\" width=\"200\" height=\"300\" srcset=\"https:\/\/bayerisches-jazzweekend.de\/prod\/wp-content\/uploads\/2017\/07\/Gewerbepark-Regensburg_Roland-Seehofer_200x300.jpg 200w, https:\/\/bayerisches-jazzweekend.de\/prod\/wp-content\/uploads\/2017\/07\/Gewerbepark-Regensburg_Roland-Seehofer_200x300-120x180.jpg 120w\" sizes=\"(max-width: 200px) 100vw, 200px\" \/><em>Das Bayerische Jazzweekend hat seine ureigenen Spielregeln: Qualit\u00e4t z\u00e4hlte stets mehr als der kurzatmige, beliebige Erfolg. Ohne gro\u00dfe Subventionen hat es sich weit \u00fcber die Landesgrenzen hinaus zu einem echten \u201eMarkenzeichen\u201c der Welterbe-Stadt Regensburg entwickelt und die Sympathien eines kritischen Publikums gewonnen. Dieses Selbstverst\u00e4ndnis, der kreative Austausch und die immer wieder \u00fcberraschende Bandbreite des Jazz kommen unserer Philosophie sehr entgegen, die ebenfalls auf anhaltende Synergieeffekte, langfristigen Erfolg und tragf\u00e4hige Partnerschaften abzielt.<\/em><\/p>\n<p>&#8212; Roland Seehofer, Gesch\u00e4ftsf\u00fchrer Gewerbepark Regensburg GmbH (ca. 300 ans\u00e4ssige Firmen)<\/p>\n<hr style=\"clear: both;\" \/>\n<p><img loading=\"lazy\" class=\"alignnone wp-image-3548 size-medium\" src=\"https:\/\/bayerisches-jazzweekend.de\/preview\/wp-content\/uploads\/2019\/07\/REWAG_mitSLtif_450x150.jpg\" alt=\"\" width=\"300\" height=\"100\" \/><\/p>\n<p>Regensburger Energie- und Wasserversorgung AG &amp; Co KG<\/p>\n<p><em><img loading=\"lazy\" class=\"size-full wp-image-3496 alignleft\" src=\"https:\/\/bayerisches-jazzweekend.de\/preview\/wp-content\/uploads\/2017\/07\/Martin-Gottschalk-REWAG_200x300.jpg\" alt=\"\" width=\"200\" height=\"300\" srcset=\"https:\/\/bayerisches-jazzweekend.de\/prod\/wp-content\/uploads\/2017\/07\/Martin-Gottschalk-REWAG_200x300.jpg 200w, https:\/\/bayerisches-jazzweekend.de\/prod\/wp-content\/uploads\/2017\/07\/Martin-Gottschalk-REWAG_200x300-120x180.jpg 120w\" sizes=\"(max-width: 200px) 100vw, 200px\" \/>Eine Veranstaltung wie das Jazzweekend steigert die Attraktivit\u00e4t der Stadt und der gesamten Region. Ein Ziel, das auch die REWAG mit ihrem kulturellen Engagement verfolgt. Denn je attraktiver und qualifizierter das Angebot einer Stadt, desto attraktiver ist sie auch f\u00fcr Unternehmen, sich hier anzusiedeln und f\u00fcr Menschen, hier zu leben und zu arbeiten. Und diese Faktoren darf man nicht untersch\u00e4tzen in einer Zeit, in der es immer schwieriger wird, geeignete Fachkr\u00e4fte zu finden.<\/em><\/p>\n<p>&#8212; Martin Gottschalk, Leiter Unternehmenskommunikation REWAG<\/p>\n<hr \/>\n<p><a href=\"https:\/\/bayerisches-jazzweekend.de\/preview\/wp-content\/uploads\/2018\/07\/Sparda-Bank_450x150.jpg\"><img loading=\"lazy\" class=\"alignnone wp-image-4018 size-medium\" src=\"https:\/\/bayerisches-jazzweekend.de\/preview\/wp-content\/uploads\/2018\/07\/Sparda-Bank_450x150-300x100.jpg\" alt=\"Sparda Bank\" width=\"300\" height=\"100\" srcset=\"https:\/\/bayerisches-jazzweekend.de\/prod\/wp-content\/uploads\/2018\/07\/Sparda-Bank_450x150-300x100.jpg 300w, https:\/\/bayerisches-jazzweekend.de\/prod\/wp-content\/uploads\/2018\/07\/Sparda-Bank_450x150-236x79.jpg 236w, https:\/\/bayerisches-jazzweekend.de\/prod\/wp-content\/uploads\/2018\/07\/Sparda-Bank_450x150.jpg 450w\" sizes=\"(max-width: 300px) 100vw, 300px\" \/><\/a><\/p>\n<p><a href=\"https:\/\/bayerisches-jazzweekend.de\/preview\/wp-content\/uploads\/2018\/07\/Georg-Thurner-2017_200x300.jpg\"><img loading=\"lazy\" class=\"alignleft wp-image-4019 size-full\" src=\"https:\/\/bayerisches-jazzweekend.de\/preview\/wp-content\/uploads\/2018\/07\/Georg-Thurner-2017_200x300.jpg\" alt=\"\" width=\"200\" height=\"300\" srcset=\"https:\/\/bayerisches-jazzweekend.de\/prod\/wp-content\/uploads\/2018\/07\/Georg-Thurner-2017_200x300.jpg 200w, https:\/\/bayerisches-jazzweekend.de\/prod\/wp-content\/uploads\/2018\/07\/Georg-Thurner-2017_200x300-120x180.jpg 120w\" sizes=\"(max-width: 200px) 100vw, 200px\" \/><\/a>H\u00f6ren, sehen, erfahren, sp\u00fcren, staunen \u2013 das alles und noch viel mehr wird den Besuchern des Bayerischen Jazzweekends in Regensburg geboten. Wohlgemerkt allen Besuchern, die Lust haben, Kunst und Kultur hautnah zu erleben. Denn ein Merkmal des Jazzweekends ist wirklich herausragend: Die Veranstaltungen sind f\u00fcr das Publikum kostenlos &#8211; eine gro\u00dfe Einladung an alle, gemeinsam Musik von h\u00f6chster G\u00fcte zu genie\u00dfen. Dieses besondere, offene Gemeinschaftserlebnis unterst\u00fctzen wir gerne und w\u00fcnschen K\u00fcnstlern und Besuchern viel Freude!<\/p>\n<p>&#8212; Georg Thurner,<br \/>\nVorstandsvorsitzender der Sparda-Bank Ostbayern eG<\/p>\n<hr \/>\n<p><img loading=\"lazy\" class=\"alignnone wp-image-3550 size-medium\" src=\"https:\/\/bayerisches-jazzweekend.de\/preview\/wp-content\/uploads\/2013\/06\/BR_KLASSIK_Koopration_450x150-300x100.jpg\" alt=\"\" width=\"300\" height=\"100\" srcset=\"https:\/\/bayerisches-jazzweekend.de\/prod\/wp-content\/uploads\/2013\/06\/BR_KLASSIK_Koopration_450x150-300x100.jpg 300w, https:\/\/bayerisches-jazzweekend.de\/prod\/wp-content\/uploads\/2013\/06\/BR_KLASSIK_Koopration_450x150-236x79.jpg 236w, https:\/\/bayerisches-jazzweekend.de\/prod\/wp-content\/uploads\/2013\/06\/BR_KLASSIK_Koopration_450x150.jpg 450w\" sizes=\"(max-width: 300px) 100vw, 300px\" \/> <img loading=\"lazy\" class=\"alignnone wp-image-3549 size-medium\" src=\"https:\/\/bayerisches-jazzweekend.de\/preview\/wp-content\/uploads\/2013\/06\/Bayern2_ARD_450x150-300x100.jpg\" alt=\"\" width=\"300\" height=\"100\" srcset=\"https:\/\/bayerisches-jazzweekend.de\/prod\/wp-content\/uploads\/2013\/06\/Bayern2_ARD_450x150-300x100.jpg 300w, https:\/\/bayerisches-jazzweekend.de\/prod\/wp-content\/uploads\/2013\/06\/Bayern2_ARD_450x150-236x79.jpg 236w, https:\/\/bayerisches-jazzweekend.de\/prod\/wp-content\/uploads\/2013\/06\/Bayern2_ARD_450x150.jpg 450w\" sizes=\"(max-width: 300px) 100vw, 300px\" \/><\/p>\n<p><img loading=\"lazy\" class=\"size-full wp-image-3543 alignleft\" src=\"https:\/\/bayerisches-jazzweekend.de\/preview\/wp-content\/uploads\/2017\/07\/Ssirus_Pakzad_2016-03_20x13_300dpi_Foto_Egbert_Krupp_200x300.jpg\" alt=\"\" width=\"200\" height=\"300\" srcset=\"https:\/\/bayerisches-jazzweekend.de\/prod\/wp-content\/uploads\/2017\/07\/Ssirus_Pakzad_2016-03_20x13_300dpi_Foto_Egbert_Krupp_200x300.jpg 200w, https:\/\/bayerisches-jazzweekend.de\/prod\/wp-content\/uploads\/2017\/07\/Ssirus_Pakzad_2016-03_20x13_300dpi_Foto_Egbert_Krupp_200x300-120x180.jpg 120w\" sizes=\"(max-width: 200px) 100vw, 200px\" \/><em>Anfang Juli ist Regensburg Jahr f\u00fcr Jahr im Ausnahmezustand. Und das ist gut so. Vier Tage lang hat der Jazz dann Zeit Eigenwerbung f\u00fcr sich zu machen und Vorurteile abzubauen, halten viele Menschen ihn doch nach wie vor f\u00fcr unzug\u00e4nglich. Dass Jazz eben nicht nur etwas f\u00fcr Nerds und Spezialisten ist, dass er zu unterhalten versteht, dass er eine ansteckende Lebenslust vermittelt, d\u00fcrfte jedem klar werden, der jetzt durch die Altstadt wandelt und die M\u00f6glichkeit hat, fast die gesamte Bandbreite dieser Musik kennen zu lernen. Wir vom Bayerischen Rundfunk sind froh, dass wir im Thon-Dittmer-Hof mit dabei sein und im Rahmen des Bayerischen Jazzweekends ein exquisites Programm pr\u00e4sentieren d\u00fcrfen.<\/em><\/p>\n<p>&#8212; Ssirus W. Pakzad, Musikmoderator bei Bayern 2<\/p>\n<p><img loading=\"lazy\" class=\"size-full wp-image-3507 alignleft\" src=\"https:\/\/bayerisches-jazzweekend.de\/preview\/wp-content\/uploads\/2013\/06\/Bayerischer-Rundfunk_Roland-Spiegel_200x300.jpg\" alt=\"\" width=\"200\" height=\"300\" srcset=\"https:\/\/bayerisches-jazzweekend.de\/prod\/wp-content\/uploads\/2013\/06\/Bayerischer-Rundfunk_Roland-Spiegel_200x300.jpg 200w, https:\/\/bayerisches-jazzweekend.de\/prod\/wp-content\/uploads\/2013\/06\/Bayerischer-Rundfunk_Roland-Spiegel_200x300-120x180.jpg 120w\" sizes=\"(max-width: 200px) 100vw, 200px\" \/><em>Das Bayerische Jazzweekend ist eine gl\u00e4nzende Gelegenheit, eine Musik kennenzulernen, die vermutlich zu den formenreichsten und vielf\u00e4ltigsten der Welt geh\u00f6rt. Jazz ist die gelebte Buntheit der heutigen Welt; und er ist ein Modell friedlicher Verst\u00e4ndigung. Unterschiede zu leben &#8211; und andere Menschen diese Unterschiede auch leben zu lassen -, das ist die Botschaft des Jazz. K\u00f6nnte es eine aktuellere Kunstform geben? F\u00fcr Radiosendungen des Bayerischen Rundfunks schneiden wir seit vielen Jahren Konzerte beim Jazzweekend mit \u2013 und jedes Mal sind f\u00fcr uns und vor allem unsere H\u00f6rer faszinierende Entdeckungen dabei.<\/em><\/p>\n<p>&#8212; Roland Spiegel, Musikredakteur bei BR-Klassik<\/p>\n<hr style=\"clear: both;\" \/>\n<p><img loading=\"lazy\" class=\"alignnone wp-image-3551 size-medium\" src=\"https:\/\/bayerisches-jazzweekend.de\/preview\/wp-content\/uploads\/2013\/06\/Mittelbayerische_balkenlogo_450x150-300x100.jpg\" alt=\"\" width=\"300\" height=\"100\" srcset=\"https:\/\/bayerisches-jazzweekend.de\/prod\/wp-content\/uploads\/2013\/06\/Mittelbayerische_balkenlogo_450x150-300x100.jpg 300w, https:\/\/bayerisches-jazzweekend.de\/prod\/wp-content\/uploads\/2013\/06\/Mittelbayerische_balkenlogo_450x150-236x79.jpg 236w, https:\/\/bayerisches-jazzweekend.de\/prod\/wp-content\/uploads\/2013\/06\/Mittelbayerische_balkenlogo_450x150.jpg 450w\" sizes=\"(max-width: 300px) 100vw, 300px\" \/><\/p>\n<p><img loading=\"lazy\" class=\"size-full wp-image-3498 alignleft\" src=\"https:\/\/bayerisches-jazzweekend.de\/preview\/wp-content\/uploads\/2017\/07\/Mittelbayerische_Manfred-Sauerer_200x300.jpg\" alt=\"\" width=\"200\" height=\"300\" srcset=\"https:\/\/bayerisches-jazzweekend.de\/prod\/wp-content\/uploads\/2017\/07\/Mittelbayerische_Manfred-Sauerer_200x300.jpg 200w, https:\/\/bayerisches-jazzweekend.de\/prod\/wp-content\/uploads\/2017\/07\/Mittelbayerische_Manfred-Sauerer_200x300-120x180.jpg 120w\" sizes=\"(max-width: 200px) 100vw, 200px\" \/><em>Das bayerische Jazzweekend ist eine verl\u00e4ssliche Veranstaltung \u2013 f\u00fcr die Musiker ebenso wie f\u00fcr das Publikum. Wer zu seinem Auftritt nach Regensburg kommt, der wei\u00df, dass er gut betreut wird, dass er genau <strong>sein<\/strong> Publikum bekommt. Und jeder Fan wei\u00df, dass f\u00fcr ihn etwas dabei sein wird. Kurzum, alle wissen, dass sie Spa\u00df haben werden. Die Kontinuit\u00e4t in der Philosophie des Weekends f\u00fchrt keineswegs zu einem Stillstand; gerade die Tatsache, dass K\u00fcnstler aus immer neuen L\u00e4ndern kommen, dass immer wieder neuen B\u00fchnen bespielt werden, sorgt unter dem Dach der Kontinuit\u00e4t f\u00fcr stets neuen Spannung \u2013 und Begeisterung. Auch wir von der Mittelbayerischen Zeitung sind Jahr f\u00fcr Jahr wieder begeistert.<\/em><\/p>\n<p>&#8212; Manfred Sauerer, Chefredakteur der Mittelbayerischen Zeitung<\/p>\n<hr style=\"clear: both;\" \/>\n<h3>Unser besonderer Dank gilt:<\/h3>\n<p><img src=\"https:\/\/bayerisches-jazzweekend.de\/preview\/wp-content\/uploads\/2018\/06\/Soital_Logo_100dpi.png\" alt=\"Soital GmbH\" \/><\/p>\n<p>Soital GmbH f\u00fcr die Webseite<\/p>\n<p><img loading=\"lazy\" class=\"alignleft wp-image-3529 size-medium\" src=\"https:\/\/bayerisches-jazzweekend.de\/preview\/wp-content\/uploads\/2013\/06\/anton_m_koestlbacher-200x300.png\" alt=\"Dr. Anton K\u00f6stlbacher\" width=\"200\" height=\"300\" srcset=\"https:\/\/bayerisches-jazzweekend.de\/prod\/wp-content\/uploads\/2013\/06\/anton_m_koestlbacher.png 200w, https:\/\/bayerisches-jazzweekend.de\/prod\/wp-content\/uploads\/2013\/06\/anton_m_koestlbacher-120x180.png 120w\" sizes=\"(max-width: 200px) 100vw, 200px\" \/>\u00a0<em>F\u00fcr mich ist das Bayerische Jazzweekend bereits seit meiner Kindheit das sch\u00f6nste Fest in meiner Heimatstadt Regensburg. Mit meinen Eltern, die auch Jazzfans sind, war ich schon als kleiner Bub jedes Jahr dabei, inzwischen ist mein eigener Sohn mit dabei. Mir gefallen die Musik jenseits des Mainstreams und die gemeinschaftliche, entspannte Atmosph\u00e4re. Ich freue mich, dass wir mit Gestaltung, Software und Hosting der neuen Webseite einen Beitrag zum Gelingen leisten k\u00f6nnen.<\/em><\/p>\n<p>&#8212; Dr. Anton K\u00f6stlbacher<\/p>\n<hr style=\"clear: both;\" \/>\n<h3>Weitere Partner des Jazzweekends von A-Z:<\/h3>\n<p><img loading=\"lazy\" class=\"alignnone wp-image-3531 size-full\" src=\"https:\/\/bayerisches-jazzweekend.de\/preview\/wp-content\/uploads\/2013\/06\/Agilis_Logo.svg_-1.png\" alt=\"\" width=\"100\" height=\"60\" \/><\/p>\n<p><a href=\"https:\/\/bayerisches-jazzweekend.de\/preview\/wp-content\/uploads\/2018\/07\/jazzclub-regensburg_neu.jpg\"><img loading=\"lazy\" class=\"alignnone size-full wp-image-4329\" src=\"https:\/\/bayerisches-jazzweekend.de\/preview\/wp-content\/uploads\/2018\/07\/jazzclub-regensburg_neu.jpg\" alt=\"Jazzclub Regensburg\" width=\"135\" height=\"71\" \/><\/a><\/p>\n<p><img loading=\"lazy\" class=\"alignnone size-full wp-image-943\" src=\"https:\/\/bayerisches-jazzweekend.de\/preview\/wp-content\/uploads\/2013\/06\/LOGO_KNEITINGER_aktuell-0912-e1373533200100.jpg\" alt=\"LOGO_KNEITINGER_aktuell 0912\" width=\"135\" height=\"74\" \/><\/p>\n<p><a href=\"https:\/\/bayerisches-jazzweekend.de\/preview\/wp-content\/uploads\/2018\/07\/schneider.png\"><img loading=\"lazy\" class=\"alignnone size-full wp-image-4324\" src=\"https:\/\/bayerisches-jazzweekend.de\/preview\/wp-content\/uploads\/2018\/07\/schneider.png\" alt=\"\" width=\"135\" height=\"143\" \/><\/a><\/p>\n<p><a href=\"https:\/\/bayerisches-jazzweekend.de\/preview\/wp-content\/uploads\/2018\/07\/soziale_initiativen.png\"><img loading=\"lazy\" class=\"alignnone size-full wp-image-4325\" src=\"https:\/\/bayerisches-jazzweekend.de\/preview\/wp-content\/uploads\/2018\/07\/soziale_initiativen.png\" alt=\"\" width=\"135\" height=\"60\" \/><\/a><\/p>\n","protected":false},"excerpt":{"rendered":"<p>Die Stadt Regensburg als Veranstalter und das Bayerische Jazzinstitut als Intendanz danken den Sponsoren und Partnern des Bayerischen Jazzweekends: Das Bayerische Jazzweekend ist eine Plattform, die musikalische Qualit\u00e4t mit Lebensfreude verbindet. Der Grenzgang zwischen Improvisation und Komposition schenkt den Musikern im Jazz eine gro\u00dfe pers\u00f6nliche Freiheit. Gleichzeitig wird aber auch von ihnen verlangt, auf der [&hellip;]<\/p>\n","protected":false},"author":1,"featured_media":0,"parent":0,"menu_order":0,"comment_status":"closed","ping_status":"closed","template":"","meta":[],"_links":{"self":[{"href":"https:\/\/bayerisches-jazzweekend.de\/prod\/wp-json\/wp\/v2\/pages\/33"}],"collection":[{"href":"https:\/\/bayerisches-jazzweekend.de\/prod\/wp-json\/wp\/v2\/pages"}],"about":[{"href":"https:\/\/bayerisches-jazzweekend.de\/prod\/wp-json\/wp\/v2\/types\/page"}],"author":[{"embeddable":true,"href":"https:\/\/bayerisches-jazzweekend.de\/prod\/wp-json\/wp\/v2\/users\/1"}],"replies":[{"embeddable":true,"href":"https:\/\/bayerisches-jazzweekend.de\/prod\/wp-json\/wp\/v2\/comments?post=33"}],"version-history":[{"count":59,"href":"https:\/\/bayerisches-jazzweekend.de\/prod\/wp-json\/wp\/v2\/pages\/33\/revisions"}],"predecessor-version":[{"id":4927,"href":"https:\/\/bayerisches-jazzweekend.de\/prod\/wp-json\/wp\/v2\/pages\/33\/revisions\/4927"}],"wp:attachment":[{"href":"https:\/\/bayerisches-jazzweekend.de\/prod\/wp-json\/wp\/v2\/media?parent=33"}],"curies":[{"name":"wp","href":"https:\/\/api.w.org\/{rel}","templated":true}]}}