{"id":32,"date":"2013-06-26T15:28:26","date_gmt":"2013-06-26T13:28:26","guid":{"rendered":"https:\/\/bayerisches-jazzweekend.de\/preview\/?page_id=32"},"modified":"2021-07-16T10:23:08","modified_gmt":"2021-07-16T08:23:08","slug":"impressum","status":"publish","type":"page","link":"https:\/\/bayerisches-jazzweekend.de\/prod\/impressum\/","title":{"rendered":"Impressum"},"content":{"rendered":"<h2>Veranstalter<\/h2>\n<h3><strong>Kulturamt der Stadt Regensburg<\/strong><\/h3>\n<p>Ansprechpartner <em>Bayerisches Jazzweekend<\/em>:<br \/>\nMaria Lang, Zi. 300, Telefon: 0941\/507-1410<br \/>\nOrganisationsleitung + Standvergabe:<br \/>\nMarkus Riepl, Zi. 310, Telefon: 0941\/507-1411<\/p>\n<p>Hausanschrift: Haidplatz 8, 93047 Regensburg<br \/>\nPostanschrift: Postfach 11 06 43, 93019 Regensburg<br \/>\nDreiwortadresse: \/\/\/zutritt.saal.kranz<\/p>\n<h2>Intendanz, k\u00fcnstlerische Leitung<\/h2>\n<h3><strong>Bayerisches Jazzinstitut<\/strong><\/h3>\n<p>Leitung: Sylke Merbold<br \/>\nAnsprechpartner <em>Bayerisches Jazzweekend<\/em>: Sylke Merbold, Ulrike Schwarz<br \/>\nInhaltlich Verantwortliche gem\u00e4\u00df \u00a7 55 Abs. 2 RStV: Sylke Merbold, Ulrike Schwarz<\/p>\n<p>Anschrift: Strau\u00dfg\u00e4\u00dfchen 2, 93047 Regensburg<br \/>\nDreiwortadresse: \/\/\/saubere.grundlage.verliehen<br \/>\nTelefon: 0941-562244, Telefax: 0941-52033, E-Mail: service@bayernjazz.de<\/p>\n<h4>Bitte beachten Sie<\/h4>\n<p>\u00a7 Alle Inhalte dieses Online-Angebots sind urheberrechtlich gesch\u00fctzt. Die Nutzung (auch einzelner Teile) bed\u00fcrfen der schriftlichen Genehmigung. Copyright und Alle Rechte vorbehalten: Bayerisches Jazzinstitut.<\/p>\n<p>\u00a7 Trotz sorgf\u00e4ltiger inhaltlicher Kontrolle \u00fcbernehmen wir keine Haftung f\u00fcr die Inhalte externer Links. F\u00fcr den Inhalt der verlinkten Seiten sind ausschlie\u00dflich deren Betreiber verantwortlich.<\/p>\n<p>\u00a7 Eine Haftung oder Garantie f\u00fcr die Aktualit\u00e4t, Richtigkeit und Vollst\u00e4ndigkeit der zur Verf\u00fcgung gestellten Informationen kann nicht \u00fcbernommen werden.<\/p>\n<p>\u00a7 Wir behalten uns das Recht vor, jederzeit \u00c4nderungen oder Erg\u00e4nzungen der bereitgestellten Informationen vorzunehmen.<\/p>\n","protected":false},"excerpt":{"rendered":"<p>Veranstalter Kulturamt der Stadt Regensburg Ansprechpartner Bayerisches Jazzweekend: Maria Lang, Zi. 300, Telefon: 0941\/507-1410 Organisationsleitung + Standvergabe: Markus Riepl, Zi. 310, Telefon: 0941\/507-1411 Hausanschrift: Haidplatz 8, 93047 Regensburg Postanschrift: Postfach 11 06 43, 93019 Regensburg Dreiwortadresse: \/\/\/zutritt.saal.kranz Intendanz, k\u00fcnstlerische Leitung Bayerisches Jazzinstitut Leitung: Sylke Merbold Ansprechpartner Bayerisches Jazzweekend: Sylke Merbold, Ulrike Schwarz Inhaltlich Verantwortliche gem\u00e4\u00df [&hellip;]<\/p>\n","protected":false},"author":1,"featured_media":0,"parent":0,"menu_order":0,"comment_status":"closed","ping_status":"closed","template":"","meta":[],"_links":{"self":[{"href":"https:\/\/bayerisches-jazzweekend.de\/prod\/wp-json\/wp\/v2\/pages\/32"}],"collection":[{"href":"https:\/\/bayerisches-jazzweekend.de\/prod\/wp-json\/wp\/v2\/pages"}],"about":[{"href":"https:\/\/bayerisches-jazzweekend.de\/prod\/wp-json\/wp\/v2\/types\/page"}],"author":[{"embeddable":true,"href":"https:\/\/bayerisches-jazzweekend.de\/prod\/wp-json\/wp\/v2\/users\/1"}],"replies":[{"embeddable":true,"href":"https:\/\/bayerisches-jazzweekend.de\/prod\/wp-json\/wp\/v2\/comments?post=32"}],"version-history":[{"count":3,"href":"https:\/\/bayerisches-jazzweekend.de\/prod\/wp-json\/wp\/v2\/pages\/32\/revisions"}],"predecessor-version":[{"id":6332,"href":"https:\/\/bayerisches-jazzweekend.de\/prod\/wp-json\/wp\/v2\/pages\/32\/revisions\/6332"}],"wp:attachment":[{"href":"https:\/\/bayerisches-jazzweekend.de\/prod\/wp-json\/wp\/v2\/media?parent=32"}],"curies":[{"name":"wp","href":"https:\/\/api.w.org\/{rel}","templated":true}]}}