{"id":22,"date":"2013-06-26T14:52:09","date_gmt":"2013-06-26T12:52:09","guid":{"rendered":"https:\/\/bayerisches-jazzweekend.de\/preview\/?page_id=22"},"modified":"2019-07-02T09:18:52","modified_gmt":"2019-07-02T07:18:52","slug":"philosophie","status":"publish","type":"page","link":"https:\/\/bayerisches-jazzweekend.de\/prod\/philosophie\/","title":{"rendered":"Philosophie"},"content":{"rendered":"<p>Wenn im Juli Jazzmusiker und -freunde nach Regensburg kommen, um das &#8222;Familienfest der bayerischen Jazzer&#8220; gemeinsam mit der Stadtbev\u00f6lkerung zu feiern, sp\u00fcrt man, dass mit dem Jazzweekend inzwischen weit mehr erreicht wird, als das urspr\u00fcngliche Ziel: den historischen Kern der Stadt mit k\u00fcnstlerischem Leben zu erf\u00fcllen. L\u00e4ngst ist das architektonische Erbe der Stadt ganz selbstverst\u00e4ndlich in das Geschehen eingebunden. Dies ist nur m\u00f6glich, weil sich alle Beteiligten ganz in den Dienst des Bayerischen Jazzweekends stellen, das sich zum Ziel gesetzt hat, Bev\u00f6lkerung wie Kulturtouristen mit einem kostenlosen aber dennoch k\u00fcnstlerisch wertvollen Live-Musik-Programm zu unterhalten.<\/p>\n<figure id=\"attachment_3467\" aria-describedby=\"caption-attachment-3467\" style=\"width: 1200px\" class=\"wp-caption alignnone\"><a href=\"https:\/\/bayerisches-jazzweekend.de\/preview\/wp-content\/uploads\/2013\/06\/FlorainBrandlQuartett_bjw16_P1590021.jpg\"><img loading=\"lazy\" class=\"size-full wp-image-3467\" src=\"https:\/\/bayerisches-jazzweekend.de\/preview\/wp-content\/uploads\/2013\/06\/FlorainBrandlQuartett_bjw16_P1590021.jpg\" alt=\"\" width=\"1200\" height=\"400\" srcset=\"https:\/\/bayerisches-jazzweekend.de\/prod\/wp-content\/uploads\/2013\/06\/FlorainBrandlQuartett_bjw16_P1590021.jpg 1200w, https:\/\/bayerisches-jazzweekend.de\/prod\/wp-content\/uploads\/2013\/06\/FlorainBrandlQuartett_bjw16_P1590021-300x100.jpg 300w, https:\/\/bayerisches-jazzweekend.de\/prod\/wp-content\/uploads\/2013\/06\/FlorainBrandlQuartett_bjw16_P1590021-768x256.jpg 768w, https:\/\/bayerisches-jazzweekend.de\/prod\/wp-content\/uploads\/2013\/06\/FlorainBrandlQuartett_bjw16_P1590021-1024x341.jpg 1024w\" sizes=\"(max-width: 1200px) 100vw, 1200px\" \/><\/a><figcaption id=\"caption-attachment-3467\" class=\"wp-caption-text\">Florian Brandl Quartett, Thon-Dittmer-Palais, Bayerisches Jazzweekend 2016<\/figcaption><\/figure>\n<p>Als kulturelles Gut ist das Bayerische Jazzweekend deshalb eigentlich unbezahlbar &#8211; dass es sich eine verh\u00e4ltnism\u00e4\u00dfig kleine Stadt wie Regensburg aber auch rein finanziell weiterhin leisten kann, eine solche mehrt\u00e4gige Feier zu veranstalten, ist das Ergebnis einer richtungsweisenden Gemeinschaftsanstrengung von Stadt, Musikern, des Bayerischen Jazzinstituts, der Sponsoren und Partner, aber auch der Zuschauer, die selbst bei Regen &#8222;ihren&#8220; Bands die Treue halten.<\/p>\n<p>W\u00e4hrend die <a title=\"Stadt Regensburg\" href=\"http:\/\/www.regensburg.de\" target=\"_blank\" rel=\"noopener noreferrer\">Stadt Regensburg<\/a> als Veranstalter darauf achtet, dass der Kommerz nicht \u00fcberhand nimmt, dabei aber dennoch genug Gelder organisiert werden, damit die Musiker bespielbare B\u00fchnen vorfinden und verpflegt werden k\u00f6nnen, f\u00e4llt die Vorbereitung, Planung und Organisation der Veranstaltung bis hin zur Vertragsreife in das Aufgabengebiet des <a href=\"http:\/\/www.bayernjazz.de\" target=\"_blank\" rel=\"noopener noreferrer\">Bayerischen Jazzinstituts<\/a>, das die k\u00fcnstlerische Leitung \u00fcbernimmt. Hinzu kommt die Presse- und \u00d6ffentlichkeitsarbeit, zu der auch die multimediale Bekanntmachung des Jazzweekends z\u00e4hlt. Jede Band hat ihre eigene Detailseite, mit Kurzbeschreibung, der Besetzung beim Bayerischen Jazzweekend, Foto und Link zur eigenen Website<\/p>\n<figure id=\"attachment_3469\" aria-describedby=\"caption-attachment-3469\" style=\"width: 1200px\" class=\"wp-caption alignnone\"><a href=\"https:\/\/bayerisches-jazzweekend.de\/preview\/wp-content\/uploads\/2013\/06\/MonikaRoscherBigBand_bjw12_1315.jpg\"><img loading=\"lazy\" class=\"size-full wp-image-3469\" src=\"https:\/\/bayerisches-jazzweekend.de\/preview\/wp-content\/uploads\/2013\/06\/MonikaRoscherBigBand_bjw12_1315.jpg\" alt=\"\" width=\"1200\" height=\"400\" srcset=\"https:\/\/bayerisches-jazzweekend.de\/prod\/wp-content\/uploads\/2013\/06\/MonikaRoscherBigBand_bjw12_1315.jpg 1200w, https:\/\/bayerisches-jazzweekend.de\/prod\/wp-content\/uploads\/2013\/06\/MonikaRoscherBigBand_bjw12_1315-300x100.jpg 300w, https:\/\/bayerisches-jazzweekend.de\/prod\/wp-content\/uploads\/2013\/06\/MonikaRoscherBigBand_bjw12_1315-768x256.jpg 768w, https:\/\/bayerisches-jazzweekend.de\/prod\/wp-content\/uploads\/2013\/06\/MonikaRoscherBigBand_bjw12_1315-1024x341.jpg 1024w\" sizes=\"(max-width: 1200px) 100vw, 1200px\" \/><\/a><figcaption id=\"caption-attachment-3469\" class=\"wp-caption-text\">Monika Roscher Big Band, Bismarckplatz, Bayerisches Jazzweekend 2012<\/figcaption><\/figure>\n<p>Diese Online-Werbung dient nicht nur dem Bayerischen Jazzweekend. Die Verlinkung mit den Bands soll auch ganzj\u00e4hrig als Werbema\u00dfnahme f\u00fcr die Musiker wirken, die beim Jazzweekend f\u00fcr eine Unkostenpauschale von nur 100 Euro pro Konzert auftreten &#8211; f\u00fcr die meisten ein Bruchteil ihrer sonst \u00fcblichen Gagen. Die Loyalit\u00e4t der Profis, die ihren Weg gemacht haben, aber immer noch gerne an den Ort zur\u00fcckkehren, wo sie die ersten Erfahrungen vor gro\u00dfem Publikum gesammelt haben, das K\u00f6nnen der jungen Bands, die gerade durchstarten, und die Begeisterung der Amateure, die sich in diesem von unb\u00e4ndiger Spielfreude gepr\u00e4gten Umfeld nahtlos einpassen, tr\u00e4gt zur unnachahmlichen Stimmung bei. Dabei wird von Seiten des Bayerischen Jazzinstituts im Vorfeld alles daf\u00fcr getan, auf der Basis der Bewertungen und Einsch\u00e4tzungen der ehrenamtlichen Jury &#8211; die im \u00fcbrigen jedes der in diesem Jahr \u00fcber 420 Demos tats\u00e4chlich geh\u00f6rt hat &#8211; ein ausgewogenes Verh\u00e4ltnis zwischen den einzelnen Stilrichtungen auf dem Fest insgesamt herzustellen, ohne die Charakteristika der einzelnen Spielorte hinten an zu stellen.<\/p>\n<figure id=\"attachment_3472\" aria-describedby=\"caption-attachment-3472\" style=\"width: 1200px\" class=\"wp-caption alignnone\"><a href=\"https:\/\/bayerisches-jazzweekend.de\/preview\/wp-content\/uploads\/2013\/06\/GerwinEisenhauer_bjw_haidplatz_trioelf.jpg\"><img loading=\"lazy\" class=\"size-full wp-image-3472\" src=\"https:\/\/bayerisches-jazzweekend.de\/preview\/wp-content\/uploads\/2013\/06\/GerwinEisenhauer_bjw_haidplatz_trioelf.jpg\" alt=\"\" width=\"1200\" height=\"400\" srcset=\"https:\/\/bayerisches-jazzweekend.de\/prod\/wp-content\/uploads\/2013\/06\/GerwinEisenhauer_bjw_haidplatz_trioelf.jpg 1200w, https:\/\/bayerisches-jazzweekend.de\/prod\/wp-content\/uploads\/2013\/06\/GerwinEisenhauer_bjw_haidplatz_trioelf-300x100.jpg 300w, https:\/\/bayerisches-jazzweekend.de\/prod\/wp-content\/uploads\/2013\/06\/GerwinEisenhauer_bjw_haidplatz_trioelf-768x256.jpg 768w, https:\/\/bayerisches-jazzweekend.de\/prod\/wp-content\/uploads\/2013\/06\/GerwinEisenhauer_bjw_haidplatz_trioelf-1024x341.jpg 1024w, https:\/\/bayerisches-jazzweekend.de\/prod\/wp-content\/uploads\/2013\/06\/GerwinEisenhauer_bjw_haidplatz_trioelf-236x79.jpg 236w\" sizes=\"(max-width: 1200px) 100vw, 1200px\" \/><\/a><figcaption id=\"caption-attachment-3472\" class=\"wp-caption-text\">Gerwin Eisenhauer vom Trio ELF, Haidplatz, Bayerisches Jazzwekend 2015<\/figcaption><\/figure>\n<p>In Regensburg sind wir in der gl\u00fccklichen Situation, dass alle Beteiligten mit Herzblut an &#8222;ihrem&#8220; Fest h\u00e4ngen, denn mit Dienst nach Vorschrift w\u00e4re das Jazzweekend undenkbar. Auch wenn die &#8222;stillen Helden&#8220; des Festes, wie der Organisationschef der Stadt, Peter Ain\u00f6der, selten ins Licht der \u00d6ffentlichkeit geraten, sind doch sie es, die mit ihrem Einsatz den reibungslosen Verlauf des Festes garantieren.<\/p>\n<p>In Regensburg muss man nicht nach &#8222;Events&#8220; suchen, die den Dialog zwischen den europ\u00e4ischen Kulturen und den Kulturen in anderen Teilen der Welt f\u00f6rdern &#8211; diese Aufgabe ist integraler Bestandteil des Charakters des Bayerischen Jazzweekends. Schlie\u00dflich widmet sich das Fest einer Musikrichtung, die ihre Urspr\u00fcnge in Amerika hat, die sich aber l\u00e4ngst in aller Welt etabliert und eigene Stilrichtungen ausgepr\u00e4gt hat. Dank der gemeinsamen Basis bietet der Jazz jeglicher Spielart aber beste Voraussetzungen das Wichtigste zu leisten, was der moderne Mensch erstreben kann: der friedlichen und kreativen Kommunikation \u00fcber alle Grenzen hinweg zu dienen.<\/p>\n<figure id=\"attachment_3470\" aria-describedby=\"caption-attachment-3470\" style=\"width: 1200px\" class=\"wp-caption alignnone\"><a href=\"https:\/\/bayerisches-jazzweekend.de\/preview\/wp-content\/uploads\/2013\/06\/Cazyapjazz_bjw_Thon-Dittmer-Palais_Familien-barrierefrei_DSC00109.jpg\"><img loading=\"lazy\" class=\"wp-image-3470 size-full\" src=\"https:\/\/bayerisches-jazzweekend.de\/preview\/wp-content\/uploads\/2013\/06\/Cazyapjazz_bjw_Thon-Dittmer-Palais_Familien-barrierefrei_DSC00109.jpg\" alt=\"\" width=\"1200\" height=\"400\" srcset=\"https:\/\/bayerisches-jazzweekend.de\/prod\/wp-content\/uploads\/2013\/06\/Cazyapjazz_bjw_Thon-Dittmer-Palais_Familien-barrierefrei_DSC00109.jpg 1200w, https:\/\/bayerisches-jazzweekend.de\/prod\/wp-content\/uploads\/2013\/06\/Cazyapjazz_bjw_Thon-Dittmer-Palais_Familien-barrierefrei_DSC00109-300x100.jpg 300w, https:\/\/bayerisches-jazzweekend.de\/prod\/wp-content\/uploads\/2013\/06\/Cazyapjazz_bjw_Thon-Dittmer-Palais_Familien-barrierefrei_DSC00109-768x256.jpg 768w, https:\/\/bayerisches-jazzweekend.de\/prod\/wp-content\/uploads\/2013\/06\/Cazyapjazz_bjw_Thon-Dittmer-Palais_Familien-barrierefrei_DSC00109-1024x341.jpg 1024w\" sizes=\"(max-width: 1200px) 100vw, 1200px\" \/><\/a><figcaption id=\"caption-attachment-3470\" class=\"wp-caption-text\">Cazyapjazz, Thon-Dittmer-Palais, Bayerisches Jazzweekend 2013<\/figcaption><\/figure>\n<p>Nat\u00fcrlich ist ein Fest wie das unsere nicht ohne Sponsoren und Partner zu verwirklichen. Beim Bayerischen Jazzweekend d\u00fcrfen wir erleben, dass die verschiedensten R\u00e4dchen ineinander greifen: Zum einen unterst\u00fctzt das <a href=\"http:\/\/www.stmwfk.bayern.de\/\" target=\"_blank\" rel=\"noopener noreferrer\">Bayerische Staatsministerium f\u00fcr Wissenschaft, Forschung und Kunst<\/a> unsere Bem\u00fchungen, der bayerischen Jazzszene ein Forum zur Selbstdarstellung zu bieten. Alle lokalen Medien &#8211; von den Printmedien \u00fcber das Radio bis hin zum Fernsehen &#8211; erkennen unser Engagement an und unterst\u00fctzen unsere Bem\u00fchungen, wof\u00fcr wir ihnen sehr dankbar sind. Inzwischen bekommen wir auch immer mehr \u00fcberregionalen medialen Zuspruch &#8211; wahrscheinlich nicht zuletzt wegen unserer Internetpr\u00e4senz. Im <a href=\"http:\/\/www.gewerbepark-regensburg.de\/\" target=\"_blank\" rel=\"noopener noreferrer\">Gewerbepark Regensburg<\/a> haben wir einen zuverl\u00e4ssigen Sponsor aus der Wirtschaft gefunden, der unser Anliegen anerkennt und nach Kr\u00e4ften unterst\u00fctzt &#8211; auch ohne die von anderer Seite oft geforderten &#8222;gro\u00dfen&#8220; Namen. Auch die Vereine vor Ort engagieren sich, die <a href=\"http:\/\/www.sozialeinitiativen.de\/\" target=\"_blank\" rel=\"noopener noreferrer\">Sozialen Initiativen<\/a> treten einen Teil ihrer Einnahmen vom Bierausschank am Haidplatz an das Bayerische Jazzweekend ab, der <a href=\"http:\/\/www.jazzclub-regensburg.de\/\">Jazzclub Regensburg<\/a>, der mit Unterst\u00fctzung der Stadt ein ganzj\u00e4hriges Jazzprogramm auf die Beine stellt, \u00fcbernimmt im Gegenzug zum Weizen-, Kaffee- und Proseccoausschank die Betreuung des Infostandes am Haidplatz und stellt f\u00fcr die vier gro\u00dfen Hauptb\u00fchnen und den Instrumententransport B\u00fchnenhelfer.<\/p>\n<figure id=\"attachment_3475\" aria-describedby=\"caption-attachment-3475\" style=\"width: 1200px\" class=\"wp-caption alignnone\"><a href=\"https:\/\/bayerisches-jazzweekend.de\/preview\/wp-content\/uploads\/2013\/06\/LJJB_BJW15_rol_P1440446.jpg\"><img loading=\"lazy\" class=\"size-full wp-image-3475\" src=\"https:\/\/bayerisches-jazzweekend.de\/preview\/wp-content\/uploads\/2013\/06\/LJJB_BJW15_rol_P1440446.jpg\" alt=\"\" width=\"1200\" height=\"400\" srcset=\"https:\/\/bayerisches-jazzweekend.de\/prod\/wp-content\/uploads\/2013\/06\/LJJB_BJW15_rol_P1440446.jpg 1200w, https:\/\/bayerisches-jazzweekend.de\/prod\/wp-content\/uploads\/2013\/06\/LJJB_BJW15_rol_P1440446-300x100.jpg 300w, https:\/\/bayerisches-jazzweekend.de\/prod\/wp-content\/uploads\/2013\/06\/LJJB_BJW15_rol_P1440446-768x256.jpg 768w, https:\/\/bayerisches-jazzweekend.de\/prod\/wp-content\/uploads\/2013\/06\/LJJB_BJW15_rol_P1440446-1024x341.jpg 1024w, https:\/\/bayerisches-jazzweekend.de\/prod\/wp-content\/uploads\/2013\/06\/LJJB_BJW15_rol_P1440446-236x79.jpg 236w\" sizes=\"(max-width: 1200px) 100vw, 1200px\" \/><\/a><figcaption id=\"caption-attachment-3475\" class=\"wp-caption-text\">Landes-Jugendjazzorchester Bayern, Bayerisches Jazzweekend 2015<\/figcaption><\/figure>\n<p>&nbsp;<\/p>\n<p>\u00dcber der tollen Stimmung vergisst man manchmal, wieviel Sorgfalt im Bayerischen Jazzweekend steckt und wieviel leidenschaftliches Engagement in dieses Fest flie\u00dft, das mehr ist als &#8222;nur&#8220; ein Festival. In diesem Sinne viel Vergn\u00fcgen w\u00fcnscht das <a href=\"http:\/\/www.bayernjazz.de\" target=\"_blank\" rel=\"noopener noreferrer\">Bayerische Jazzinstitut<\/a> und sein Tr\u00e4ger, der <a title=\"Verband Bayerischer Sing- und Musikschulen e. V. \" href=\"http:\/\/www.musikschulen-bayern.de\/\" target=\"_blank\" rel=\"noopener noreferrer\">Verband Bayerischer Sing- und Musikschulen e. V.<\/a>!<\/p>\n<p>&nbsp;<\/p>\n","protected":false},"excerpt":{"rendered":"<p>Wenn im Juli Jazzmusiker und -freunde nach Regensburg kommen, um das &#8222;Familienfest der bayerischen Jazzer&#8220; gemeinsam mit der Stadtbev\u00f6lkerung zu feiern, sp\u00fcrt man, dass mit dem Jazzweekend inzwischen weit mehr erreicht wird, als das urspr\u00fcngliche Ziel: den historischen Kern der Stadt mit k\u00fcnstlerischem Leben zu erf\u00fcllen. L\u00e4ngst ist das architektonische Erbe der Stadt ganz selbstverst\u00e4ndlich [&hellip;]<\/p>\n","protected":false},"author":1,"featured_media":0,"parent":0,"menu_order":0,"comment_status":"closed","ping_status":"closed","template":"","meta":[],"_links":{"self":[{"href":"https:\/\/bayerisches-jazzweekend.de\/prod\/wp-json\/wp\/v2\/pages\/22"}],"collection":[{"href":"https:\/\/bayerisches-jazzweekend.de\/prod\/wp-json\/wp\/v2\/pages"}],"about":[{"href":"https:\/\/bayerisches-jazzweekend.de\/prod\/wp-json\/wp\/v2\/types\/page"}],"author":[{"embeddable":true,"href":"https:\/\/bayerisches-jazzweekend.de\/prod\/wp-json\/wp\/v2\/users\/1"}],"replies":[{"embeddable":true,"href":"https:\/\/bayerisches-jazzweekend.de\/prod\/wp-json\/wp\/v2\/comments?post=22"}],"version-history":[{"count":13,"href":"https:\/\/bayerisches-jazzweekend.de\/prod\/wp-json\/wp\/v2\/pages\/22\/revisions"}],"predecessor-version":[{"id":4876,"href":"https:\/\/bayerisches-jazzweekend.de\/prod\/wp-json\/wp\/v2\/pages\/22\/revisions\/4876"}],"wp:attachment":[{"href":"https:\/\/bayerisches-jazzweekend.de\/prod\/wp-json\/wp\/v2\/media?parent=22"}],"curies":[{"name":"wp","href":"https:\/\/api.w.org\/{rel}","templated":true}]}}